{"id":655,"date":"2016-05-02T13:08:05","date_gmt":"2016-05-02T11:08:05","guid":{"rendered":"http:\/\/sintaedi.com\/?page_id=655"},"modified":"2025-09-05T15:42:06","modified_gmt":"2025-09-05T13:42:06","slug":"a-propos","status":"publish","type":"page","link":"https:\/\/noemie-christensen.art\/en\/a-propos","title":{"rendered":"About"},"content":{"rendered":"<div data-elementor-type=\"wp-page\" data-elementor-id=\"655\" class=\"elementor elementor-655\">\n\t\t\t\t\t\t<section class=\"elementor-section elementor-top-section elementor-element elementor-element-47871c98 elementor-section-boxed elementor-section-height-default elementor-section-height-default\" data-id=\"47871c98\" data-element_type=\"section\" data-e-type=\"section\">\n\t\t\t\t\t\t<div class=\"elementor-container elementor-column-gap-no\">\n\t\t\t\t\t<div class=\"elementor-column elementor-col-50 elementor-top-column elementor-element elementor-element-408be8f3\" data-id=\"408be8f3\" data-element_type=\"column\" data-e-type=\"column\">\n\t\t\t<div class=\"elementor-widget-wrap elementor-element-populated\">\n\t\t\t\t\t\t<section class=\"elementor-section elementor-inner-section elementor-element elementor-element-673f868 elementor-section-boxed elementor-section-height-default elementor-section-height-default\" data-id=\"673f868\" data-element_type=\"section\" data-e-type=\"section\">\n\t\t\t\t\t\t<div class=\"elementor-container elementor-column-gap-no\">\n\t\t\t\t\t<div class=\"elementor-column elementor-col-100 elementor-inner-column elementor-element elementor-element-4dea9ca\" data-id=\"4dea9ca\" data-element_type=\"column\" data-e-type=\"column\">\n\t\t\t<div class=\"elementor-widget-wrap elementor-element-populated\">\n\t\t\t\t\t\t<div class=\"elementor-element elementor-element-06b9e95 elementor-widget elementor-widget-html\" data-id=\"06b9e95\" data-element_type=\"widget\" data-e-type=\"widget\" data-widget_type=\"html.default\">\n\t\t\t\t<div class=\"elementor-widget-container\">\n\t\t\t\t\t<div style=\"background-color: #fafafa; padding: 40px 30px; box-shadow: 3px 3px 0px #ccc\">\n<h5>The photographs<\/h5><br\/>\n\n<p style=\"font-size: 18px;\">The analog photographs displayed in the \"Photography\" section were all taken with a Minolta SRT 101*. I manually develop the film and the pictures** using a development process called \"Caffenol\". As a mixture of instant coffee, vitamin C and washing soda, Caffenol has the advantage of being non-toxic and eco-friendly. Moreover, the resulting color rests between sepia and black &amp; white giving it a pleasing visual feel.<\/p>\n<p style=\"font-size: 18px;\">To me, analog cameras are excellent artistic and experimental media; that is why I prefer to use them when it comes to following an artisanal photographic approach.<\/p>\n<p style=\"font-size: 12px; font-decoration: italic;\">*the photographs under the \"Digital\" category were taken with a Panasonic Lumix DMC-FZ150<\/p>\n<p style=\"font-size: 12px; font-decoration: italic;\">**only for black &amp; white photographs; the color ones have been developed by a professional. \n\n<\/div>\t\t\t\t<\/div>\n\t\t\t\t<\/div>\n\t\t\t\t<div class=\"elementor-element elementor-element-187f47c elementor-widget elementor-widget-html\" data-id=\"187f47c\" data-element_type=\"widget\" data-e-type=\"widget\" data-widget_type=\"html.default\">\n\t\t\t\t<div class=\"elementor-widget-container\">\n\t\t\t\t\t<div style=\"background-color: #fafafa; padding: 40px 30px; box-shadow: 3px 3px 0px #ccc\">\n<h5>The drawings<\/h5><br\/>\n\n<p style=\"font-size: 18px;\">All the drawings are made by hand, mostly using Uni-ball pens. I find my inspirations in European medieval art, Ancient Greece, Japanese art, Art Nouveau, Buddhism, Hinduism, and also from more specific artists such as Harry Clarke, Aubrey Beardsley, Pieter Brueghel, or Hieronymus Bosch. I don't typically use color for the simple reason that I prefer to focus on lines, patterns, and details.<\/p>\n\n<\/div>\t\t\t\t<\/div>\n\t\t\t\t<\/div>\n\t\t\t\t<div class=\"elementor-element elementor-element-ee31645 elementor-widget elementor-widget-html\" data-id=\"ee31645\" data-element_type=\"widget\" data-e-type=\"widget\" data-widget_type=\"html.default\">\n\t\t\t\t<div class=\"elementor-widget-container\">\n\t\t\t\t\t<div style=\"background-color: #fafafa; padding: 40px 30px; box-shadow: 3px 3px 0px #ccc\">\n<h5>About the artist<\/h5><br\/>\n\n<p style=\"font-size: 18px;\">Besides my keen interest in photography and illustration, I'm a psychomotor therapist.<\/p>\n\n<p style=\"font-size: 18px;\">If you're interested in learning more about my other gig, check out my website <a style=\"text-decoration: underline;\" href=\"https:\/\/corporeis.com\">Corpor\u00e9is<\/a>.\n<\/p>\n<p style=\"font-size: 14px;\">PS : Expect for LinkedIn, I'm not on social media.<\/a>.\n<\/p>\n\n<\/div>\t\t\t\t<\/div>\n\t\t\t\t<\/div>\n\t\t\t\t\t<\/div>\n\t\t<\/div>\n\t\t\t\t\t<\/div>\n\t\t<\/section>\n\t\t\t\t\t<\/div>\n\t\t<\/div>\n\t\t\t\t<div class=\"elementor-column elementor-col-50 elementor-top-column elementor-element elementor-element-273f94d elementor-hidden-mobile\" data-id=\"273f94d\" data-element_type=\"column\" data-e-type=\"column\">\n\t\t\t<div class=\"elementor-widget-wrap\">\n\t\t\t\t\t\t\t<\/div>\n\t\t<\/div>\n\t\t\t\t\t<\/div>\n\t\t<\/section>\n\t\t\t\t<section class=\"elementor-section elementor-top-section elementor-element elementor-element-2da4d2c elementor-section-boxed elementor-section-height-default elementor-section-height-default\" data-id=\"2da4d2c\" data-element_type=\"section\" data-e-type=\"section\" data-settings=\"{&quot;background_background&quot;:&quot;classic&quot;}\">\n\t\t\t\t\t\t<div class=\"elementor-container elementor-column-gap-default\">\n\t\t\t\t\t<div class=\"elementor-column elementor-col-100 elementor-top-column elementor-element elementor-element-8f0db27\" data-id=\"8f0db27\" data-element_type=\"column\" data-e-type=\"column\">\n\t\t\t<div class=\"elementor-widget-wrap elementor-element-populated\">\n\t\t\t\t\t\t<div class=\"elementor-element elementor-element-bc7b320 elementor-shape-circle elementor-grid-0 e-grid-align-center elementor-widget elementor-widget-social-icons\" data-id=\"bc7b320\" data-element_type=\"widget\" data-e-type=\"widget\" data-widget_type=\"social-icons.default\">\n\t\t\t\t<div class=\"elementor-widget-container\">\n\t\t\t\t\t\t\t<div class=\"elementor-social-icons-wrapper elementor-grid\" role=\"list\">\n\t\t\t\t\t\t\t<span class=\"elementor-grid-item\" role=\"listitem\">\n\t\t\t\t\t<a class=\"elementor-icon elementor-social-icon elementor-social-icon-paper-plane elementor-animation-pulse elementor-repeater-item-210b080\" href=\"\/en\/contact\/\" target=\"_blank\">\n\t\t\t\t\t\t<span class=\"elementor-screen-only\">Paper-plane<\/span>\n\t\t\t\t\t\t<i aria-hidden=\"true\" class=\"fas fa-paper-plane\"><\/i>\t\t\t\t\t<\/a>\n\t\t\t\t<\/span>\n\t\t\t\t\t\t\t<span class=\"elementor-grid-item\" role=\"listitem\">\n\t\t\t\t\t<a class=\"elementor-icon elementor-social-icon elementor-social-icon-linkedin elementor-animation-pulse elementor-repeater-item-175861b\" href=\"https:\/\/www.linkedin.com\/in\/noemie-christensen-clemenceau\/\" target=\"_blank\">\n\t\t\t\t\t\t<span class=\"elementor-screen-only\">Linkedin<\/span>\n\t\t\t\t\t\t<i aria-hidden=\"true\" class=\"fab fa-linkedin\"><\/i>\t\t\t\t\t<\/a>\n\t\t\t\t<\/span>\n\t\t\t\t\t<\/div>\n\t\t\t\t\t\t<\/div>\n\t\t\t\t<\/div>\n\t\t\t\t<div class=\"elementor-element elementor-element-316cc61 elementor-widget elementor-widget-html\" data-id=\"316cc61\" data-element_type=\"widget\" data-e-type=\"widget\" data-widget_type=\"html.default\">\n\t\t\t\t<div class=\"elementor-widget-container\">\n\t\t\t\t\t<p style=\"font-size: 15px; text-align: center;\">All rights reserved. \u00a92025 No\u00e9mie Christensen<\/p>\t\t\t\t<\/div>\n\t\t\t\t<\/div>\n\t\t\t\t\t<\/div>\n\t\t<\/div>\n\t\t\t\t\t<\/div>\n\t\t<\/section>\n\t\t\t\t<\/div>","protected":false},"excerpt":{"rendered":"<p>Les photos Les photos argentiques pr\u00e9sent\u00e9es dans la cat\u00e9gorie \u00ab\u00a0Photographie\u00a0\u00bb ont toutes \u00e9t\u00e9 prises \u00e0 l&rsquo;aide d&rsquo;un Minolta SRT 101*. Je d\u00e9veloppe manuellement la pellicule puis les photos** \u00e0 l&rsquo;aide d&rsquo;un proc\u00e9d\u00e9 de d\u00e9veloppement appel\u00e9 \u00ab\u00a0Caffenol\u00a0\u00bb. Mixture \u00e0 base de caf\u00e9 soluble, vitamine C et cristaux de soude, le Caffenol \u00e0 l&rsquo;avantage de ne pas&hellip;&nbsp;<a href=\"https:\/\/noemie-christensen.art\/en\/a-propos\" rel=\"bookmark\">Read More &raquo;<span class=\"screen-reader-text\">About<\/span><\/a><\/p>","protected":false},"author":1,"featured_media":1815,"parent":0,"menu_order":0,"comment_status":"closed","ping_status":"closed","template":"elementor_header_footer","meta":{"neve_meta_sidebar":"","neve_meta_container":"","neve_meta_enable_content_width":"","neve_meta_content_width":0,"neve_meta_title_alignment":"","neve_meta_author_avatar":"","neve_post_elements_order":"","neve_meta_disable_header":"","neve_meta_disable_footer":"","neve_meta_disable_title":"","footnotes":""},"class_list":["post-655","page","type-page","status-publish","has-post-thumbnail","hentry"],"_links":{"self":[{"href":"https:\/\/noemie-christensen.art\/en\/wp-json\/wp\/v2\/pages\/655","targetHints":{"allow":["GET"]}}],"collection":[{"href":"https:\/\/noemie-christensen.art\/en\/wp-json\/wp\/v2\/pages"}],"about":[{"href":"https:\/\/noemie-christensen.art\/en\/wp-json\/wp\/v2\/types\/page"}],"author":[{"embeddable":true,"href":"https:\/\/noemie-christensen.art\/en\/wp-json\/wp\/v2\/users\/1"}],"replies":[{"embeddable":true,"href":"https:\/\/noemie-christensen.art\/en\/wp-json\/wp\/v2\/comments?post=655"}],"version-history":[{"count":283,"href":"https:\/\/noemie-christensen.art\/en\/wp-json\/wp\/v2\/pages\/655\/revisions"}],"predecessor-version":[{"id":5099,"href":"https:\/\/noemie-christensen.art\/en\/wp-json\/wp\/v2\/pages\/655\/revisions\/5099"}],"wp:featuredmedia":[{"embeddable":true,"href":"https:\/\/noemie-christensen.art\/en\/wp-json\/wp\/v2\/media\/1815"}],"wp:attachment":[{"href":"https:\/\/noemie-christensen.art\/en\/wp-json\/wp\/v2\/media?parent=655"}],"curies":[{"name":"wp","href":"https:\/\/api.w.org\/{rel}","templated":true}]}}