{"id":68,"date":"2016-03-13T08:23:33","date_gmt":"2016-03-13T07:23:33","guid":{"rendered":"http:\/\/sintaedi.com\/?page_id=68"},"modified":"2025-11-25T09:53:33","modified_gmt":"2025-11-25T08:53:33","slug":"photographie-illustration","status":"publish","type":"page","link":"https:\/\/noemie-christensen.art\/en\/","title":{"rendered":"Photographie &#038; Illustration &#8211; No\u00e9mie Christensen"},"content":{"rendered":"<div data-elementor-type=\"wp-page\" data-elementor-id=\"68\" class=\"elementor elementor-68\">\n\t\t\t\t\t\t<section class=\"elementor-section elementor-top-section elementor-element elementor-element-a44b26b elementor-section-boxed elementor-section-height-default elementor-section-height-default\" data-id=\"a44b26b\" data-element_type=\"section\" data-e-type=\"section\">\n\t\t\t\t\t\t<div class=\"elementor-container elementor-column-gap-default\">\n\t\t\t\t\t<div class=\"elementor-column elementor-col-100 elementor-top-column elementor-element elementor-element-9572312\" data-id=\"9572312\" data-element_type=\"column\" data-e-type=\"column\">\n\t\t\t<div class=\"elementor-widget-wrap elementor-element-populated\">\n\t\t\t\t\t\t<div class=\"elementor-element elementor-element-e85e1aa elementor-widget elementor-widget-spacer\" data-id=\"e85e1aa\" data-element_type=\"widget\" data-e-type=\"widget\" data-widget_type=\"spacer.default\">\n\t\t\t\t<div class=\"elementor-widget-container\">\n\t\t\t\t\t\t\t<div class=\"elementor-spacer\">\n\t\t\t<div class=\"elementor-spacer-inner\"><\/div>\n\t\t<\/div>\n\t\t\t\t\t\t<\/div>\n\t\t\t\t<\/div>\n\t\t\t\t<div class=\"elementor-element elementor-element-02bdc9a hfe-submenu-icon-plus hfe-menu-item-space-between hfe-link-redirect-child elementor-widget elementor-widget-navigation-menu\" data-id=\"02bdc9a\" data-element_type=\"widget\" data-e-type=\"widget\" data-settings=\"{&quot;close_flyout_size&quot;:{&quot;unit&quot;:&quot;px&quot;,&quot;size&quot;:20,&quot;sizes&quot;:[]},&quot;hamburger_align&quot;:&quot;center&quot;,&quot;hamburger_menu_align&quot;:&quot;space-between&quot;,&quot;width_flyout_menu_item&quot;:{&quot;unit&quot;:&quot;px&quot;,&quot;size&quot;:300,&quot;sizes&quot;:[]},&quot;width_flyout_menu_item_tablet&quot;:{&quot;unit&quot;:&quot;px&quot;,&quot;size&quot;:&quot;&quot;,&quot;sizes&quot;:[]},&quot;width_flyout_menu_item_mobile&quot;:{&quot;unit&quot;:&quot;px&quot;,&quot;size&quot;:&quot;&quot;,&quot;sizes&quot;:[]},&quot;padding_flyout_menu_item&quot;:{&quot;unit&quot;:&quot;px&quot;,&quot;size&quot;:30,&quot;sizes&quot;:[]},&quot;padding_flyout_menu_item_tablet&quot;:{&quot;unit&quot;:&quot;px&quot;,&quot;size&quot;:&quot;&quot;,&quot;sizes&quot;:[]},&quot;padding_flyout_menu_item_mobile&quot;:{&quot;unit&quot;:&quot;px&quot;,&quot;size&quot;:&quot;&quot;,&quot;sizes&quot;:[]},&quot;padding_horizontal_menu_item&quot;:{&quot;unit&quot;:&quot;px&quot;,&quot;size&quot;:15,&quot;sizes&quot;:[]},&quot;padding_horizontal_menu_item_tablet&quot;:{&quot;unit&quot;:&quot;px&quot;,&quot;size&quot;:&quot;&quot;,&quot;sizes&quot;:[]},&quot;padding_horizontal_menu_item_mobile&quot;:{&quot;unit&quot;:&quot;px&quot;,&quot;size&quot;:&quot;&quot;,&quot;sizes&quot;:[]},&quot;padding_vertical_menu_item&quot;:{&quot;unit&quot;:&quot;px&quot;,&quot;size&quot;:15,&quot;sizes&quot;:[]},&quot;padding_vertical_menu_item_tablet&quot;:{&quot;unit&quot;:&quot;px&quot;,&quot;size&quot;:&quot;&quot;,&quot;sizes&quot;:[]},&quot;padding_vertical_menu_item_mobile&quot;:{&quot;unit&quot;:&quot;px&quot;,&quot;size&quot;:&quot;&quot;,&quot;sizes&quot;:[]},&quot;menu_space_between&quot;:{&quot;unit&quot;:&quot;px&quot;,&quot;size&quot;:&quot;&quot;,&quot;sizes&quot;:[]},&quot;menu_space_between_tablet&quot;:{&quot;unit&quot;:&quot;px&quot;,&quot;size&quot;:&quot;&quot;,&quot;sizes&quot;:[]},&quot;menu_space_between_mobile&quot;:{&quot;unit&quot;:&quot;px&quot;,&quot;size&quot;:&quot;&quot;,&quot;sizes&quot;:[]},&quot;menu_top_space&quot;:{&quot;unit&quot;:&quot;px&quot;,&quot;size&quot;:&quot;&quot;,&quot;sizes&quot;:[]},&quot;menu_top_space_tablet&quot;:{&quot;unit&quot;:&quot;px&quot;,&quot;size&quot;:&quot;&quot;,&quot;sizes&quot;:[]},&quot;menu_top_space_mobile&quot;:{&quot;unit&quot;:&quot;px&quot;,&quot;size&quot;:&quot;&quot;,&quot;sizes&quot;:[]},&quot;dropdown_border_radius&quot;:{&quot;unit&quot;:&quot;px&quot;,&quot;top&quot;:&quot;&quot;,&quot;right&quot;:&quot;&quot;,&quot;bottom&quot;:&quot;&quot;,&quot;left&quot;:&quot;&quot;,&quot;isLinked&quot;:true},&quot;dropdown_border_radius_tablet&quot;:{&quot;unit&quot;:&quot;px&quot;,&quot;top&quot;:&quot;&quot;,&quot;right&quot;:&quot;&quot;,&quot;bottom&quot;:&quot;&quot;,&quot;left&quot;:&quot;&quot;,&quot;isLinked&quot;:true},&quot;dropdown_border_radius_mobile&quot;:{&quot;unit&quot;:&quot;px&quot;,&quot;top&quot;:&quot;&quot;,&quot;right&quot;:&quot;&quot;,&quot;bottom&quot;:&quot;&quot;,&quot;left&quot;:&quot;&quot;,&quot;isLinked&quot;:true},&quot;padding_horizontal_dropdown_item&quot;:{&quot;unit&quot;:&quot;px&quot;,&quot;size&quot;:&quot;&quot;,&quot;sizes&quot;:[]},&quot;padding_horizontal_dropdown_item_tablet&quot;:{&quot;unit&quot;:&quot;px&quot;,&quot;size&quot;:&quot;&quot;,&quot;sizes&quot;:[]},&quot;padding_horizontal_dropdown_item_mobile&quot;:{&quot;unit&quot;:&quot;px&quot;,&quot;size&quot;:&quot;&quot;,&quot;sizes&quot;:[]},&quot;padding_vertical_dropdown_item&quot;:{&quot;unit&quot;:&quot;px&quot;,&quot;size&quot;:15,&quot;sizes&quot;:[]},&quot;padding_vertical_dropdown_item_tablet&quot;:{&quot;unit&quot;:&quot;px&quot;,&quot;size&quot;:&quot;&quot;,&quot;sizes&quot;:[]},&quot;padding_vertical_dropdown_item_mobile&quot;:{&quot;unit&quot;:&quot;px&quot;,&quot;size&quot;:&quot;&quot;,&quot;sizes&quot;:[]},&quot;toggle_size&quot;:{&quot;unit&quot;:&quot;px&quot;,&quot;size&quot;:&quot;&quot;,&quot;sizes&quot;:[]},&quot;toggle_size_tablet&quot;:{&quot;unit&quot;:&quot;px&quot;,&quot;size&quot;:&quot;&quot;,&quot;sizes&quot;:[]},&quot;toggle_size_mobile&quot;:{&quot;unit&quot;:&quot;px&quot;,&quot;size&quot;:&quot;&quot;,&quot;sizes&quot;:[]},&quot;toggle_border_width&quot;:{&quot;unit&quot;:&quot;px&quot;,&quot;size&quot;:&quot;&quot;,&quot;sizes&quot;:[]},&quot;toggle_border_width_tablet&quot;:{&quot;unit&quot;:&quot;px&quot;,&quot;size&quot;:&quot;&quot;,&quot;sizes&quot;:[]},&quot;toggle_border_width_mobile&quot;:{&quot;unit&quot;:&quot;px&quot;,&quot;size&quot;:&quot;&quot;,&quot;sizes&quot;:[]},&quot;toggle_border_radius&quot;:{&quot;unit&quot;:&quot;px&quot;,&quot;size&quot;:&quot;&quot;,&quot;sizes&quot;:[]},&quot;toggle_border_radius_tablet&quot;:{&quot;unit&quot;:&quot;px&quot;,&quot;size&quot;:&quot;&quot;,&quot;sizes&quot;:[]},&quot;toggle_border_radius_mobile&quot;:{&quot;unit&quot;:&quot;px&quot;,&quot;size&quot;:&quot;&quot;,&quot;sizes&quot;:[]},&quot;close_flyout_size_tablet&quot;:{&quot;unit&quot;:&quot;px&quot;,&quot;size&quot;:&quot;&quot;,&quot;sizes&quot;:[]},&quot;close_flyout_size_mobile&quot;:{&quot;unit&quot;:&quot;px&quot;,&quot;size&quot;:&quot;&quot;,&quot;sizes&quot;:[]}}\" data-widget_type=\"navigation-menu.default\">\n\t\t\t\t<div class=\"elementor-widget-container\">\n\t\t\t\t\t\t\t\t<div class=\"hfe-nav-menu__toggle elementor-clickable hfe-flyout-trigger\" tabindex=\"0\" role=\"button\" aria-label=\"Menu Toggle\">\n\t\t\t\t\t<div class=\"hfe-nav-menu-icon\">\n\t\t\t\t\t\t<i aria-hidden=\"true\" tabindex=\"0\" class=\"fas fa-list-ul\"><\/i>\t\t\t\t\t<\/div>\n\t\t\t\t<\/div>\n\t\t\t<div class=\"hfe-flyout-wrapper\" >\n\t\t\t\t<div class=\"hfe-flyout-overlay elementor-clickable\"><\/div>\n\t\t\t\t<div class=\"hfe-flyout-container\">\n\t\t\t\t\t<div id=\"hfe-flyout-content-id-02bdc9a\" class=\"hfe-side hfe-flyout-left hfe-flyout-open\" data-layout=\"left\" data-flyout-type=\"normal\">\n\t\t\t\t\t\t<div class=\"hfe-flyout-content push\">\n\t\t\t\t\t\t\t<nav >\n\t\t\t\t\t\t\t\t<ul id=\"menu-1-02bdc9a\" class=\"hfe-nav-menu\"><li id=\"menu-item-1790\" class=\"menu-item menu-item-type-post_type menu-item-object-page menu-item-home parent hfe-creative-menu\"><a href=\"https:\/\/noemie-christensen.art\/en\/\" class = \"hfe-menu-item\">Home<\/a><\/li>\n<li id=\"menu-item-1805\" class=\"unclickable menu-item menu-item-type-custom menu-item-object-custom menu-item-has-children parent hfe-has-submenu hfe-creative-menu\"><div class=\"hfe-has-submenu-container\" tabindex=\"0\" role=\"button\" aria-haspopup=\"true\" aria-expanded=\"false\"><a href=\"#\" class = \"hfe-menu-item\">Photography<span class='hfe-menu-toggle sub-arrow hfe-menu-child-0'><i class='fa'><\/i><\/span><\/a><\/div>\n<ul class=\"sub-menu\">\n\t<li id=\"menu-item-1438\" class=\"menu-item menu-item-type-post_type menu-item-object-post hfe-creative-menu\"><a href=\"https:\/\/noemie-christensen.art\/en\/caffenol\" class = \"hfe-sub-menu-item\">Caffenol<\/a><\/li>\n\t<li id=\"menu-item-4950\" class=\"menu-item menu-item-type-post_type menu-item-object-post hfe-creative-menu\"><a href=\"https:\/\/noemie-christensen.art\/en\/cyanotypes\" class = \"hfe-sub-menu-item\">Cyanotypes<\/a><\/li>\n\t<li id=\"menu-item-183\" class=\"menu-item menu-item-type-post_type menu-item-object-post hfe-creative-menu\"><a href=\"https:\/\/noemie-christensen.art\/en\/pellicules-couleur\" class = \"hfe-sub-menu-item\">Color films<\/a><\/li>\n\t<li id=\"menu-item-765\" class=\"menu-item menu-item-type-post_type menu-item-object-post hfe-creative-menu\"><a href=\"https:\/\/noemie-christensen.art\/en\/numerique\" class = \"hfe-sub-menu-item\">Digital<\/a><\/li>\n<\/ul>\n<\/li>\n<li id=\"menu-item-1804\" class=\"unclickable menu-item menu-item-type-custom menu-item-object-custom menu-item-has-children parent hfe-has-submenu hfe-creative-menu\"><div class=\"hfe-has-submenu-container\" tabindex=\"0\" role=\"button\" aria-haspopup=\"true\" aria-expanded=\"false\"><a href=\"#\" class = \"hfe-menu-item\">Illustration<span class='hfe-menu-toggle sub-arrow hfe-menu-child-0'><i class='fa'><\/i><\/span><\/a><\/div>\n<ul class=\"sub-menu\">\n\t<li id=\"menu-item-2560\" class=\"menu-item menu-item-type-post_type menu-item-object-post hfe-creative-menu\"><a href=\"https:\/\/noemie-christensen.art\/en\/peregrinations\" class = \"hfe-sub-menu-item\">Peregrinations<\/a><\/li>\n\t<li id=\"menu-item-2630\" class=\"menu-item menu-item-type-post_type menu-item-object-post hfe-creative-menu\"><a href=\"https:\/\/noemie-christensen.art\/en\/nous-seuls\" class = \"hfe-sub-menu-item\">Just us<\/a><\/li>\n\t<li id=\"menu-item-182\" class=\"menu-item menu-item-type-post_type menu-item-object-post hfe-creative-menu\"><a href=\"https:\/\/noemie-christensen.art\/en\/taedium\" class = \"hfe-sub-menu-item\">Taedium<\/a><\/li>\n\t<li id=\"menu-item-4532\" class=\"menu-item menu-item-type-post_type menu-item-object-post hfe-creative-menu\"><a href=\"https:\/\/noemie-christensen.art\/en\/princes-ses\" class = \"hfe-sub-menu-item\">Princes.ses<\/a><\/li>\n\t<li id=\"menu-item-1479\" class=\"menu-item menu-item-type-post_type menu-item-object-post hfe-creative-menu\"><a href=\"https:\/\/noemie-christensen.art\/en\/cloud-people\" class = \"hfe-sub-menu-item\">Cloud people<\/a><\/li>\n<\/ul>\n<\/li>\n<li id=\"menu-item-4362\" class=\"menu-item menu-item-type-post_type menu-item-object-page parent hfe-creative-menu\"><a href=\"https:\/\/noemie-christensen.art\/en\/a-propos\" class = \"hfe-menu-item\">About<\/a><\/li>\n<li id=\"menu-item-2982\" class=\"menu-item menu-item-type-post_type menu-item-object-page parent hfe-creative-menu\"><a href=\"https:\/\/noemie-christensen.art\/en\/contact\" class = \"hfe-menu-item\">Contact<\/a><\/li>\n<li id=\"menu-item-1462\" class=\"menu-item menu-item-type-post_type menu-item-object-page parent hfe-creative-menu\"><a href=\"https:\/\/noemie-christensen.art\/en\/expos-parutions\" class = \"hfe-menu-item\">Press &amp; events<\/a><\/li>\n<li id=\"menu-item-1952\" class=\"trp-language-switcher-container menu-item menu-item-type-post_type menu-item-object-language_switcher menu-item-has-children current-language-menu-item parent hfe-has-submenu hfe-creative-menu\"><div class=\"hfe-has-submenu-container\" tabindex=\"0\" role=\"button\" aria-haspopup=\"true\" aria-expanded=\"false\"><a href=\"https:\/\/noemie-christensen.art\/en\/wp-json\/wp\/v2\/pages\/68\" class = \"hfe-menu-item\"><span data-no-translation><span class=\"trp-ls-language-name\">EN<\/span><\/span><span class='hfe-menu-toggle sub-arrow hfe-menu-child-0'><i class='fa'><\/i><\/span><\/a><\/div>\n<ul class=\"sub-menu\">\n\t<li id=\"menu-item-1953\" class=\"trp-language-switcher-container menu-item menu-item-type-post_type menu-item-object-language_switcher current-language-menu-item hfe-creative-menu\"><a href=\"https:\/\/noemie-christensen.art\/en\/wp-json\/wp\/v2\/pages\/68\" class = \"hfe-sub-menu-item\"><span data-no-translation><span class=\"trp-ls-language-name\">FR<\/span><\/span><\/a><\/li>\n<\/ul>\n<\/li>\n<\/ul>\t\t\t\t\t\t\t<\/nav>\n\t\t\t\t\t\t\t<div class=\"elementor-clickable hfe-flyout-close\" tabindex=\"0\">\n\t\t\t\t\t\t\t\t<i aria-hidden=\"true\" tabindex=\"0\" class=\"far fa-window-close\"><\/i>\t\t\t\t\t\t\t<\/div>\n\t\t\t\t\t\t<\/div>\n\t\t\t\t\t<\/div>\n\t\t\t\t<\/div>\n\t\t\t<\/div>\n\t\t\t\t\t\t\t<\/div>\n\t\t\t\t<\/div>\n\t\t\t\t<div class=\"elementor-element elementor-element-56d0b53 elementor-widget elementor-widget-html\" data-id=\"56d0b53\" data-element_type=\"widget\" data-e-type=\"widget\" data-widget_type=\"html.default\">\n\t\t\t\t<div class=\"elementor-widget-container\">\n\t\t\t\t\t<div style=\"text-align: center;\"><p class=\"site-description\" style=\"font-family: amiri, serif; text-transform: uppercase; font-size: 1.8em; color: #fafafa; text-shadow: 1px 1px 1px rgba(0,0,1);\">Photography &amp; Illustration<br\/>\n<p style=\"font-size: 1.2em; color: #fafafa; text-shadow: 1px 1px 1px rgba(0,0,1);\">by No\u00e9mie Christensen<\/p>\n\n<\/p>\n<\/div>\t\t\t\t<\/div>\n\t\t\t\t<\/div>\n\t\t\t\t\t<\/div>\n\t\t<\/div>\n\t\t\t\t\t<\/div>\n\t\t<\/section>\n\t\t\t\t<\/div>","protected":false},"excerpt":{"rendered":"<p>Accueil Photographie Caffenol Pellicules couleur Num\u00e9rique Illustration P\u00e9r\u00e9grinations Nous seuls Taedium Princes.ses Cloud people Shop \u00c0 propos Newsletter Blog Contact Expos &#038; parutions FR FR EN Photographie &#038; Illustration par No\u00e9mie Christensen<\/p>","protected":false},"author":1,"featured_media":0,"parent":0,"menu_order":0,"comment_status":"closed","ping_status":"closed","template":"elementor_header_footer","meta":{"neve_meta_sidebar":"","neve_meta_container":"","neve_meta_enable_content_width":"","neve_meta_content_width":0,"neve_meta_title_alignment":"","neve_meta_author_avatar":"","neve_post_elements_order":"","neve_meta_disable_header":"","neve_meta_disable_footer":"","neve_meta_disable_title":"","footnotes":""},"class_list":["post-68","page","type-page","status-publish","hentry"],"_links":{"self":[{"href":"https:\/\/noemie-christensen.art\/en\/wp-json\/wp\/v2\/pages\/68","targetHints":{"allow":["GET"]}}],"collection":[{"href":"https:\/\/noemie-christensen.art\/en\/wp-json\/wp\/v2\/pages"}],"about":[{"href":"https:\/\/noemie-christensen.art\/en\/wp-json\/wp\/v2\/types\/page"}],"author":[{"embeddable":true,"href":"https:\/\/noemie-christensen.art\/en\/wp-json\/wp\/v2\/users\/1"}],"replies":[{"embeddable":true,"href":"https:\/\/noemie-christensen.art\/en\/wp-json\/wp\/v2\/comments?post=68"}],"version-history":[{"count":179,"href":"https:\/\/noemie-christensen.art\/en\/wp-json\/wp\/v2\/pages\/68\/revisions"}],"predecessor-version":[{"id":4568,"href":"https:\/\/noemie-christensen.art\/en\/wp-json\/wp\/v2\/pages\/68\/revisions\/4568"}],"wp:attachment":[{"href":"https:\/\/noemie-christensen.art\/en\/wp-json\/wp\/v2\/media?parent=68"}],"curies":[{"name":"wp","href":"https:\/\/api.w.org\/{rel}","templated":true}]}}